{"id":310,"date":"2010-03-04T11:54:05","date_gmt":"2010-03-04T16:54:05","guid":{"rendered":"http:\/\/www.clickelectricidad.com.ar\/site\/?page_id=310"},"modified":"2023-03-29T17:02:20","modified_gmt":"2023-03-29T20:02:20","slug":"terminos-y-condiciones","status":"publish","type":"page","link":"https:\/\/www.clickelectricidad.com.ar\/site\/terminos-y-condiciones\/","title":{"rendered":"T\u00e9rminos y Condiciones"},"content":{"rendered":"<p>Vigente desde: 01\/01\/2010<br \/>\nEste contrato describe los t\u00e9rminos y condiciones generales aplicables al acceso y uso de los servicios ofrecidos por CLICK Electricidad S.A. dentro del sitio www.clickelectricidad.com.ar. Cualquier persona que desee acceder y\/o usar el sitio o los servicios podr\u00e1 hacerlo sujet\u00e1ndose a los T\u00e9rminos y Condiciones Generales, junto con todas las dem\u00e1s pol\u00edticas y principios que rigen CLICK Electricidad.com.ar y que son incorporados al presente por referencia. En consecuencia, todas las visitas y cada uno de los contratos y transacciones que se realicen en este sitio, como asimismo sus efectos jur\u00eddicos, quedar\u00e1n regidos por estas reglas y sometidas a la legislaci\u00f3n aplicable en la Rep\u00fablica Argentina.<br \/>\nLos t\u00e9rminos y condiciones contenidos en este instrumento se aplicar\u00e1n y se entender\u00e1n como formando parte de cada uno de los actos y contratos que se ejecuten o celebren mediante los sistemas de oferta y comercializaci\u00f3n comprendidos en este sitio web entre los usuarios de este sitio y CLICK Electricidad.<\/p>\n<p>Cada cliente tambi\u00e9n recibe un enlace de referencia a una plataforma Slotogate en l\u00ednea popular donde puede jugar, as\u00ed como a los mejores casinos en l\u00ednea. Usando <a href=\"https:\/\/slotogate.com\/es\/deposits-method\/mercado-pago\/\">casino online argentina mercadopago<\/a><\/p>\n<p>CUALQUIER PERSONA QUE NO ACEPTE ESTOS T\u00c9RMINOS Y CONDICIONES GENERALES, LOS CUALES TIENEN UN CAR\u00c1CTER OBLIGATORIO Y VINCULANTE, DEBER\u00c1 ABSTENERSE DE UTILIZAR EL SITIO Y\/O LOS SERVICIOS.<\/p>\n<p>En forma previa a cada contrataci\u00f3n, el Usuario deber\u00e1 leer, entender y aceptar todas las condiciones establecidas en los T\u00e9rminos y Condiciones Generales y en las Pol\u00edticas de CLICK Electricidad S.A.<br \/>\nSi utilizas este Sitio significa que has aceptado plenamente las condiciones establecidas en los T\u00e9rminos y Condiciones Generales y en las Pol\u00edticas de CLICK Electricidad S.A. Por ello, te obligas a cumplir expresamente con las mismas.<\/p>\n<p>01 &#8211; Capacidad<br \/>\nLos Servicios s\u00f3lo est\u00e1n disponibles para personas que tengan capacidad legal para contratar. No podr\u00e1n utilizar los servicios las personas que no tengan esa capacidad, los menores de edad o Usuarios de CLICK Electricidad.com.ar que hayan sido suspendidos temporalmente o inhabilitados definitivamente<\/p>\n<p>02 &#8211; Medios de pago que se podr\u00e1n utilizar en este sitio.<br \/>\nLos productos y servicios ofrecidos en este sitio solo podr\u00e1n ser abonados con tarjetas de cr\u00e9ditos o imprimiendo un volante de pago a trav\u00e9s de DINDERO MAIL.<br \/>\nDineroMail es el proveedor l\u00edder de soluciones integrales en cobranzas virtuales de Argentina. Permite a individuos y empresas, pagar, cobrar, realizar o recibir pagos en forma r\u00e1pida, segura y confiable, sin otro requisito que una direcci\u00f3n de correo electr\u00f3nico.<\/p>\n<p>03 &#8211; Encriptaci\u00f3n de Datos<br \/>\nDineroMail encripta autom\u00e1ticamente toda informaci\u00f3n transmitida desde tu computadora a nuestros servidores utilizando el protocolo Secure Sockets Layer (SSL) con 128 bits de longitud de llave (la m\u00e1s avanzada tecnolog\u00eda de encriptaci\u00f3n disponible a nivel comercial). Nuestros servidores verifican que poseas un navegador de Internet con tecnolog\u00eda apropiada.<\/p>\n<p>Una vez que la informaci\u00f3n llega a DineroMail, es almacenada en servidores que est\u00e1n altamente protegidos tanto f\u00edsica como electr\u00f3nicamente. Nuestros servidores est\u00e1n detr\u00e1s de una barrera electr\u00f3nica de Firewalls, no directamente conectados a Internet, por lo que la informaci\u00f3n est\u00e1 disponible s\u00f3lo para computadoras autorizadas.<\/p>\n<p>04 &#8211; Plazo de validez de la oferta y precio.<br \/>\nEl plazo de validez de la oferta es aquel que coincide con la fecha de vigencia indicada en la promoci\u00f3n o en virtud del agotamiento de las cantidades de productos disponibles para esa promoci\u00f3n debidamente informados al Consumidor.<br \/>\nLos precios de los productos y servicios disponibles en este sitio, mientras aparezcan en \u00e9l, solo tendr\u00e1n vigencia y aplicaci\u00f3n en \u00e9ste y no ser\u00e1n necesariamente aplicables a otros canales de venta utilizados por las empresas, tales como tiendas f\u00edsicas, venta telef\u00f3nica, cat\u00e1logos u otros. Las empresas podr\u00e1n modificar cualquier informaci\u00f3n contenida en este sitio, incluyendo las relacionadas con mercader\u00edas, servicios, precios, existencias y condiciones, en cualquier momento y sin previo aviso, hasta el momento de recibir una aceptaci\u00f3n de compra, la cual obligar\u00e1 a la empresa oferente, sujeto a las condiciones de validaci\u00f3n, es decir, una vez que se haya formado el acuerdo de voluntades entre las partes de una determinada transacci\u00f3n.<\/p>\n<p>05 &#8211; Promociones.<br \/>\nLas promociones que se ofrezcan en este sitio web no son necesariamente las mismas que ofrezcan otros canales de venta utilizados por las empresas, tales como tiendas f\u00edsicas, Venta telef\u00f3nica, cat\u00e1logos u otros, a menos que se se\u00f1ale expresamente en este sitio o en la publicidad que realicen las empresas para cada promoci\u00f3n. En los casos que el sitio contenga promociones que consistan en la entrega gratuita o rebajada de un producto por la compra de otro, entonces el despacho del bien que se entregue gratuitamente o a precio rebajado, se har\u00e1 en el mismo lugar en el cual se despacha el producto comprado, a menos que el adquirente manifieste, al hacer su aceptaci\u00f3n de oferta, que desea que los productos se remitan a direcciones distintas, en cuyo caso deber\u00e1 pagar el valor del despacho de ambos productos. No se podr\u00e1 participar en estas promociones sin adquirir conjuntamente todos los productos comprendidos en ellas.<\/p>\n<p>06 &#8211; Despacho de los Productos<br \/>\nLos productos adquiridos a trav\u00e9s del sitio se sujetar\u00e1n a las condiciones de despacho y entrega elegidas por el usuario y disponibles en el sitio. La informaci\u00f3n del lugar de env\u00edo es de exclusiva responsabilidad del usuario. Los plazos elegidos para el despacho y entrega, se cuentan desde que la empresa oferente haya validado la orden de compra y el medio de pago utilizado, y se consideran d\u00edas h\u00e1biles para el cumplimiento de dicho plazo.<\/p>\n<p>07 &#8211; Derecho de retractaci\u00f3n.<br \/>\nEn los contratos celebrados por medio de este sitio el usuario o consumidor podr\u00e1 retractarse del contrato celebrado dentro del plazo de diez (10) d\u00edas contados a partir de la entrega del producto o de la celebraci\u00f3n del contrato, lo \u00faltimo que ocurra, a menos que en una determinada oferta se contemple expresamente un plazo mayor, a cuyo efecto deber\u00e1 cumplir con lo establecido en el punto 12 siguiente. Pasado ese plazo, la empresa proveedora podr\u00e1 buscar la mejor soluci\u00f3n posible en pos de la satisfacci\u00f3n del consumidor, sin que esto sea obligatorio para ella.<\/p>\n<p>08 &#8211; Procedimiento de cambios y devoluciones.<br \/>\nDentro de dicho plazo, el consumidor podr\u00e1 proceder a la devoluci\u00f3n por medio de remisi\u00f3n a cualquier tienda CLICK Electricidad del producto adquirido, en perfecto estado de uso y conservaci\u00f3n, junto con sus etiquetas, embalaje y accesorios originales, tambi\u00e9n en perfecto estado, y acompa\u00f1ando su factura\/ticket respectivo. Una vez recibido el producto por CLICK Electricidad en su domicilio y examinado el mismo, se proceder\u00e1 a la restituci\u00f3n de la cantidad abonada en concepto de precio, por el mismo medio en que fue abonado el producto. Para tramitar la devoluci\u00f3n, es necesario acercarse a CLICK Electricidad o contactarse al siguiente n\u00famero telef\u00f3nico (0341) 440 4999, que ser\u00e1 respondido de inmediato, proporcionando las instrucciones necesarias para realizar la devoluci\u00f3n. La devoluci\u00f3n deber\u00e1 ser efectuada por el cliente. Si al recibir el producto en nuestras bodegas, se constata que la mercader\u00eda no se encuentra en su embalaje original o que se ha da\u00f1ado o faltan accesorios por causas imputables al cliente, se deducir\u00e1 del valor cancelado originalmente por el producto, un porcentaje equivalente al descuento con que deber\u00e1 venderse posteriormente por encontrarse en dichas condiciones o al costo que al fabricante o importadora deba incurrir para dejarlo en \u00f3ptimas condiciones.<\/p>\n<p>09 &#8211; Uso de los datos personales registrados en el sitio.<br \/>\nLos datos referidos en estos t\u00e9rminos y condiciones, tendr\u00e1n como finalidad validar las \u00f3rdenes de compra y mejorar la labor de informaci\u00f3n y comercializaci\u00f3n de los productos y servicios prestados por las empresas. S\u00f3lo podr\u00e1n ser entregados a las empresas filiales o relacionadas con CLICK Electricidad S.A., en ning\u00fan caso ser\u00e1n traspasados a terceros. El titular de los datos personales tiene la facultad de ejercer el derecho de acceso a los mismos en forma gratuita a intervalos no inferiores a seis meses, salvo que se acredite un inter\u00e9s leg\u00edtimo al efecto conforme lo establecido en el art\u00edculo 14, inciso 3 de la Ley N\u00b0 25.326.<br \/>\nLa DIRECCI\u00d3N NACIONAL DE PROTECCI\u00d3N DE DATOS PERSONALES, \u00d3rgano de Control de la Ley N\u00b0 25.326, tiene la atribuci\u00f3n de atender las denuncias y reclamos que se interpongan en relaci\u00f3n con el incumplimiento de las normas sobre protecci\u00f3n de datos personales.<\/p>\n<p>10 &#8211; Violaciones del Sistema o Bases de Datos<br \/>\nNo est\u00e1 permitida ninguna acci\u00f3n o uso de dispositivo, software, u otro medio tendiente a interferir tanto en las actividades y operatoria de CLICK Electricidad como en las ofertas, descripciones, cuentas o bases de datos de CLICK Electricidad. Cualquier intromisi\u00f3n, tentativa o actividad violatoria o contraria a las leyes sobre derecho de propiedad intelectual y\/o a las prohibiciones estipuladas en este contrato har\u00e1n pasible a su responsable de las acciones legales pertinentes, y a las sanciones previstas por este acuerdo, as\u00ed como lo har\u00e1 responsable de indemnizar los da\u00f1os ocasionados.<\/p>\n<p>11 &#8211; Propiedad Intelectual<br \/>\nLos contenidos de las pantallas relativas a los servicios de CLICK Electricidad.com como as\u00ed tambi\u00e9n la informaci\u00f3n, datos, textos gr\u00e1ficos, im\u00e1genes, fotograf\u00edas, audio y video clips, logotipos, iconos, programas, bases de datos, redes, archivos que permiten al Usuario acceder y usar su Cuenta, son de propiedad de CLICK Electricidad y est\u00e1n protegidas por las leyes y los tratados internacionales de derecho de autor, marcas, patentes, modelos y dise\u00f1os industriales. El uso indebido y la reproducci\u00f3n total o parcial de dichos contenidos quedan prohibidos, salvo autorizaci\u00f3n expresa y por escrito de CLICK Electricidad.<\/p>\n<p>12 &#8211; Otros sitios web.<br \/>\nLas empresas no tendr\u00e1n responsabilidad sobre la informaci\u00f3n proporcionada por otros sitios web y las consecuencias que de ello se deriven. Las empresas no garantizan, avalan ni respaldan de ninguna forma el acceso, informaci\u00f3n o contenido de cualquier otro sitio web o portal en los casos que dicho acceso se efect\u00fae desde o hacia este, ya sea que dicho acceso se efect\u00fae mediante link, banner o mediante cualquier dispositivo disponible en la red.<br \/>\nEl Sitio puede contener enlaces a otros sitios web lo cual no indica que sean propiedad u operados por CLICK Electricidad. En virtud que CLICK Electricidad no tiene control sobre tales sitios, NO ser\u00e1 responsable por los contenidos, materiales, acciones y\/o servicios prestados por los mismos, ni por da\u00f1os o p\u00e9rdidas ocasionadas por la utilizaci\u00f3n de los mismos, sean causadas directa o indirectamente. La presencia de enlaces a otros sitios web no implica una sociedad, relaci\u00f3n, aprobaci\u00f3n, respaldo de CLICK Electricidad a dichos sitios y sus contenidos.<br \/>\n13 &#8211; Sanciones. Suspensi\u00f3n de operaciones<br \/>\nSin perjuicio de otras medidas, CLICK Electricidad advertir\u00e1, suspender\u00e1 temporal o inhabilitar\u00e1 definitivamente la Cuenta de un Usuario o una publicaci\u00f3n e iniciar\u00e1 las acciones que estime pertinentes, y no le prestar\u00e1 sus Servicios si (a) se quebrantara alguna ley, o cualquiera de las estipulaciones de los T\u00e9rminos y Condiciones Generales y dem\u00e1s pol\u00edticas de CLICK Electricidad; (b) si incumpliera sus compromisos como Usuario; (c) si se incurriera a criterio de CLICK Electricidad en conductas o actos dolosos o fraudulentos; (d) no pudiera verificarse la identidad del Usuario o cualquier informaci\u00f3n proporcionada por el mismo fuere err\u00f3nea. En el caso de la suspensi\u00f3n o inhabilitaci\u00f3n de un Usuario, todos los art\u00edculos que hubiera adquirido ser\u00e1n removidos del sistema, sin lugar a reclamo alguno a favor del Usuario.<br \/>\n14 &#8211; Fallas en el sistema<br \/>\nCLICK Electricidad no garantiza la inexistencia de eventuales dificultades t\u00e9cnicas o fallas en los sistemas o en Internet. CLICK Electricidad no garantiza el acceso y uso continuado o ininterrumpido de su sitio. El sistema puede eventualmente no estar disponible debido a dificultades t\u00e9cnicas o fallas de Internet, o por cualquier otra circunstancia ajena a CLICK Electricidad; en tales casos se procurar\u00e1 restablecerlo con la mayor celeridad posible. CLICK Electricidad no garantiza la inexistencia de errores u omisiones en su sitio web.<\/p>\n<p>15 &#8211; Tarifas. Facturaci\u00f3n<br \/>\nLa registraci\u00f3n en CLICK Electricidad.com es gratuita. Al adquirir un producto, el usuario deber\u00e1 pagar el precio publicado y en caso de corresponder los gastos de env\u00edo y entrega.<br \/>\nCLICK Electricidad se reserva el derecho de modificar, cambiar, agregar, o eliminar las tarifas vigentes, en cualquier momento, lo cual ser\u00e1 publicado en el sitio. Sin embargo, CLICK Electricidad podr\u00e1 modificar temporalmente la Pol\u00edtica de Tarifas y las tarifas por sus servicios por raz\u00f3n de promociones, siendo efectivas estas modificaciones cuando se haga p\u00fablica la promoci\u00f3n o se realice el anuncio y hasta la fecha de su finalizaci\u00f3n.<br \/>\nCLICK Electricidad se reserva el derecho de tomar las medidas judiciales y extrajudiciales que estime pertinentes para obtener el pago del monto debido.<br \/>\nEn caso de haberse facturado cargos que no hubiesen correspondido, el Usuario deber\u00e1 comunicarse con nuestro equipo de Atenci\u00f3n al Cliente para resolver dicha cuesti\u00f3n.<\/p>\n<p>16- Ley Aplicable<br \/>\nEste acuerdo estar\u00e1 regido en todos sus puntos por las leyes vigentes en la Rep\u00fablica Argentina, las cuales podr\u00e1n ser consultadas en el siguiente sitio: www.mecon.gov.ar.<\/p>\n<p>17 \u2013 Domicilio<br \/>\nSe fija como domicilio de CLICK Electricidad S.A. la calle Mitre 1536, de la Ciudad de Rosario, Santa Fe, Rep\u00fablica Argentina.<br \/>\nSi tienes alguna duda sobre los T\u00e9rminos y Condiciones Generales o dem\u00e1s pol\u00edticas y principios que rigen CLICK Electricidad.com env\u00edanos tu consulta a info@clickelectricidad.com.ar<\/p>\n","protected":false},"excerpt":{"rendered":"<p>Vigente desde: 01\/01\/2010 Este contrato describe los t\u00e9rminos y condiciones generales aplicables al acceso y uso de los servicios ofrecidos por CLICK Electricidad S.A. dentro del sitio www.clickelectricidad.com.ar. Cualquier persona que desee acceder y\/o usar el sitio o los servicios podr\u00e1 hacerlo sujet\u00e1ndose a los T\u00e9rminos y Condiciones Generales, junto con todas las dem\u00e1s pol\u00edticas [&hellip;]<\/p>\n","protected":false},"author":1,"featured_media":0,"parent":0,"menu_order":0,"comment_status":"closed","ping_status":"closed","template":"","meta":{"_exactmetrics_skip_tracking":false,"_exactmetrics_sitenote_active":false,"_exactmetrics_sitenote_note":"","_exactmetrics_sitenote_category":0,"footnotes":""},"aioseo_notices":[],"_links":{"self":[{"href":"https:\/\/www.clickelectricidad.com.ar\/site\/wp-json\/wp\/v2\/pages\/310"}],"collection":[{"href":"https:\/\/www.clickelectricidad.com.ar\/site\/wp-json\/wp\/v2\/pages"}],"about":[{"href":"https:\/\/www.clickelectricidad.com.ar\/site\/wp-json\/wp\/v2\/types\/page"}],"author":[{"embeddable":true,"href":"https:\/\/www.clickelectricidad.com.ar\/site\/wp-json\/wp\/v2\/users\/1"}],"replies":[{"embeddable":true,"href":"https:\/\/www.clickelectricidad.com.ar\/site\/wp-json\/wp\/v2\/comments?post=310"}],"version-history":[{"count":4,"href":"https:\/\/www.clickelectricidad.com.ar\/site\/wp-json\/wp\/v2\/pages\/310\/revisions"}],"predecessor-version":[{"id":3460,"href":"https:\/\/www.clickelectricidad.com.ar\/site\/wp-json\/wp\/v2\/pages\/310\/revisions\/3460"}],"wp:attachment":[{"href":"https:\/\/www.clickelectricidad.com.ar\/site\/wp-json\/wp\/v2\/media?parent=310"}],"curies":[{"name":"wp","href":"https:\/\/api.w.org\/{rel}","templated":true}]}}