{"id":3202,"date":"2020-05-08T11:15:43","date_gmt":"2020-05-08T14:15:43","guid":{"rendered":"https:\/\/www.clickelectricidad.com.ar\/site\/?post_type=product&#038;p=3202"},"modified":"2025-05-22T10:02:00","modified_gmt":"2025-05-22T13:02:00","slug":"portero-electrico-frente-de-aplicar","status":"publish","type":"product","link":"https:\/\/www.clickelectricidad.com.ar\/site\/producto\/portero-electrico-frente-de-aplicar\/","title":{"rendered":"PORTERO ELECTRICO FRENTE DE APLICAR"},"content":{"rendered":"<p>USO: INTERIOR, EXTERIOR , FRENTE APLICAR.<br \/>\nMEDIDAS:<br \/>\nMATERIAL: PL\u00c1STICO<br \/>\nCOLORES:  BLANCO<br \/>\nOPCI\u00d3N: SALIDA PARA PESTILLO EL\u00c9CTRICO<br \/>\nFUNCI\u00d3N: AUDIO, CONEXI\u00d3N PARA PESTILLO EL\u00c9CTRICO<br \/>\nCOMENTARIOS Y SUGERENCIAS:<br \/>\nPLAZO DE ENTREGA: 7 D\u00cdAS<\/p>\n","protected":false},"excerpt":{"rendered":"<p>USO: INTERIOR, EXTERIOR , FRENTE APLICAR. MEDIDAS: MATERIAL: PL\u00c1STICO COLORES: BLANCO OPCI\u00d3N: SALIDA PARA PESTILLO EL\u00c9CTRICO FUNCI\u00d3N: AUDIO, CONEXI\u00d3N PARA PESTILLO EL\u00c9CTRICO COMENTARIOS Y SUGERENCIAS: PLAZO DE ENTREGA: 7 D\u00cdAS<\/p>\n","protected":false},"featured_media":3203,"template":"","meta":{"_exactmetrics_skip_tracking":false,"_exactmetrics_sitenote_active":false,"_exactmetrics_sitenote_note":"","_exactmetrics_sitenote_category":0},"product_cat":[198,114],"product_tag":[245,243,244],"aioseo_notices":[],"_links":{"self":[{"href":"https:\/\/www.clickelectricidad.com.ar\/site\/wp-json\/wp\/v2\/product\/3202"}],"collection":[{"href":"https:\/\/www.clickelectricidad.com.ar\/site\/wp-json\/wp\/v2\/product"}],"about":[{"href":"https:\/\/www.clickelectricidad.com.ar\/site\/wp-json\/wp\/v2\/types\/product"}],"wp:featuredmedia":[{"embeddable":true,"href":"https:\/\/www.clickelectricidad.com.ar\/site\/wp-json\/wp\/v2\/media\/3203"}],"wp:attachment":[{"href":"https:\/\/www.clickelectricidad.com.ar\/site\/wp-json\/wp\/v2\/media?parent=3202"}],"wp:term":[{"taxonomy":"product_cat","embeddable":true,"href":"https:\/\/www.clickelectricidad.com.ar\/site\/wp-json\/wp\/v2\/product_cat?post=3202"},{"taxonomy":"product_tag","embeddable":true,"href":"https:\/\/www.clickelectricidad.com.ar\/site\/wp-json\/wp\/v2\/product_tag?post=3202"}],"curies":[{"name":"wp","href":"https:\/\/api.w.org\/{rel}","templated":true}]}}