{"id":3237,"date":"2020-05-08T16:32:31","date_gmt":"2020-05-08T19:32:31","guid":{"rendered":"https:\/\/www.clickelectricidad.com.ar\/site\/?post_type=product&#038;p=3237"},"modified":"2023-03-29T17:07:56","modified_gmt":"2023-03-29T20:07:56","slug":"plafon-redondo-led-6w","status":"publish","type":"product","link":"https:\/\/www.clickelectricidad.com.ar\/site\/producto\/plafon-redondo-led-6w\/","title":{"rendered":"PLAFON REDONDO LED 6W"},"content":{"rendered":"<p>USO: INTERIOR, APLICAR EN CIELORRASO.<br \/>\nMEDIDAS: \u00d8120 mm ALTO: 30mm<br \/>\nMATERIAL: INYECCI\u00d3N DE ALUMINIO Y POLICARBONATO<br \/>\nCOLORES: MARCO: BLANCO CENTRO:BLANCO<br \/>\nTEMP COLOR: 3000-6500K<br \/>\nOPCION:<br \/>\nCOMENTARIOS Y SUGERENCIAS: CONSULTE POR TERMINACI\u00d3N N\u00cdQUEL<br \/>\nPLAZO DE ENTREGA: 7 D\u00cdAS<\/p>\n<p>Muchas personas que trabajan en la oficina dan buenas cr\u00edticas sobre este producto. Esto lo notan los empleados bancarios, las personas del sector de TI, as\u00ed como en el espacio del hogar. Esto lo notan los jugadores profesionales de casino en l\u00ednea. La plataforma de Slotogate ofrece una amplia gama de casinos en l\u00ednea para todos los gustos utilizando el m\u00e9todo de dep\u00f3sito <a href=\"https:\/\/slotogate.com\/es\/deposits-method\/bizum\/\">casino con bizum<\/a><\/p>\n<p>&nbsp;<\/p>\n","protected":false},"excerpt":{"rendered":"<p>USO: INTERIOR, APLICAR EN CIELORRASO. MEDIDAS: \u00d8120 mm ALTO: 30mm MATERIAL: INYECCI\u00d3N DE ALUMINIO Y POLICARBONATO COLORES: MARCO: BLANCO CENTRO:BLANCO TEMP COLOR: 3000-6500K OPCION: COMENTARIOS Y SUGERENCIAS: CONSULTE POR TERMINACI\u00d3N N\u00cdQUEL PLAZO DE ENTREGA: 7 D\u00cdAS Muchas personas que trabajan en la oficina dan buenas cr\u00edticas sobre este producto. Esto lo notan los empleados bancarios, [&hellip;]<\/p>\n","protected":false},"featured_media":3235,"template":"","meta":{"_exactmetrics_skip_tracking":false,"_exactmetrics_sitenote_active":false,"_exactmetrics_sitenote_note":"","_exactmetrics_sitenote_category":0},"product_cat":[103,237],"product_tag":[247,248,246,249],"aioseo_notices":[],"_links":{"self":[{"href":"https:\/\/www.clickelectricidad.com.ar\/site\/wp-json\/wp\/v2\/product\/3237"}],"collection":[{"href":"https:\/\/www.clickelectricidad.com.ar\/site\/wp-json\/wp\/v2\/product"}],"about":[{"href":"https:\/\/www.clickelectricidad.com.ar\/site\/wp-json\/wp\/v2\/types\/product"}],"wp:featuredmedia":[{"embeddable":true,"href":"https:\/\/www.clickelectricidad.com.ar\/site\/wp-json\/wp\/v2\/media\/3235"}],"wp:attachment":[{"href":"https:\/\/www.clickelectricidad.com.ar\/site\/wp-json\/wp\/v2\/media?parent=3237"}],"wp:term":[{"taxonomy":"product_cat","embeddable":true,"href":"https:\/\/www.clickelectricidad.com.ar\/site\/wp-json\/wp\/v2\/product_cat?post=3237"},{"taxonomy":"product_tag","embeddable":true,"href":"https:\/\/www.clickelectricidad.com.ar\/site\/wp-json\/wp\/v2\/product_tag?post=3237"}],"curies":[{"name":"wp","href":"https:\/\/api.w.org\/{rel}","templated":true}]}}