{"id":3238,"date":"2020-05-11T16:59:07","date_gmt":"2020-05-11T19:59:07","guid":{"rendered":"https:\/\/www.clickelectricidad.com.ar\/site\/?post_type=product&#038;p=3238"},"modified":"2022-03-31T15:36:52","modified_gmt":"2022-03-31T18:36:52","slug":"plafon-cuadrado-led-6w-pack-x-5-unidades","status":"publish","type":"product","link":"https:\/\/www.clickelectricidad.com.ar\/site\/producto\/plafon-cuadrado-led-6w-pack-x-5-unidades\/","title":{"rendered":"PLAFON CUADRADO LED 6W PACK X 5 UNIDADES"},"content":{"rendered":"<p>USO: INTERIOR, APLICAR EN CIELORRASO.<br \/>\nMEDIDAS: 120&#215;120 mm ALTO: 30mm<br \/>\nMATERIAL: INYECCI\u00d3N DE ALUMINIO Y POLICARBONATO<br \/>\nCOLORES:  MARCO: BLANCO  CENTRO:BLANCO<br \/>\nTEMP COLOR: 3000-6500K<br \/>\nOPCI\u00d3N:<br \/>\nCOMENTARIOS Y SUGERENCIAS: CONSULTE POR TERMINACI\u00d3N N\u00cdQUEL<br \/>\nPLAZO DE ENTREGA: 7 D\u00cdAS<\/p>\n","protected":false},"excerpt":{"rendered":"<p>USO: INTERIOR, APLICAR EN CIELORRASO. MEDIDAS: 120&#215;120 mm ALTO: 30mm MATERIAL: INYECCI\u00d3N DE ALUMINIO Y POLICARBONATO COLORES: MARCO: BLANCO CENTRO:BLANCO TEMP COLOR: 3000-6500K OPCI\u00d3N: COMENTARIOS Y SUGERENCIAS: CONSULTE POR TERMINACI\u00d3N N\u00cdQUEL PLAZO DE ENTREGA: 7 D\u00cdAS<\/p>\n","protected":false},"featured_media":3239,"template":"","meta":{"_exactmetrics_skip_tracking":false,"_exactmetrics_sitenote_active":false,"_exactmetrics_sitenote_note":"","_exactmetrics_sitenote_category":0},"product_cat":[103,237],"product_tag":[247,248,250,249],"aioseo_notices":[],"_links":{"self":[{"href":"https:\/\/www.clickelectricidad.com.ar\/site\/wp-json\/wp\/v2\/product\/3238"}],"collection":[{"href":"https:\/\/www.clickelectricidad.com.ar\/site\/wp-json\/wp\/v2\/product"}],"about":[{"href":"https:\/\/www.clickelectricidad.com.ar\/site\/wp-json\/wp\/v2\/types\/product"}],"wp:featuredmedia":[{"embeddable":true,"href":"https:\/\/www.clickelectricidad.com.ar\/site\/wp-json\/wp\/v2\/media\/3239"}],"wp:attachment":[{"href":"https:\/\/www.clickelectricidad.com.ar\/site\/wp-json\/wp\/v2\/media?parent=3238"}],"wp:term":[{"taxonomy":"product_cat","embeddable":true,"href":"https:\/\/www.clickelectricidad.com.ar\/site\/wp-json\/wp\/v2\/product_cat?post=3238"},{"taxonomy":"product_tag","embeddable":true,"href":"https:\/\/www.clickelectricidad.com.ar\/site\/wp-json\/wp\/v2\/product_tag?post=3238"}],"curies":[{"name":"wp","href":"https:\/\/api.w.org\/{rel}","templated":true}]}}