{"id":3247,"date":"2020-05-08T16:49:52","date_gmt":"2020-05-08T19:49:52","guid":{"rendered":"https:\/\/www.clickelectricidad.com.ar\/site\/?post_type=product&#038;p=3247"},"modified":"2022-02-23T10:09:46","modified_gmt":"2022-02-23T13:09:46","slug":"luz-de-emergencia-30-led-bat-litio","status":"publish","type":"product","link":"https:\/\/www.clickelectricidad.com.ar\/site\/producto\/luz-de-emergencia-30-led-bat-litio\/","title":{"rendered":"LUZ DE EMERGENCIA 30 LED BAT. LITIO"},"content":{"rendered":"<p>USO: INTERIOR , APLICAR.<br \/>\nMEDIDAS: 200x55mm ALTO: 25 mm<br \/>\nMATERIAL: PL\u00c1STICO<br \/>\nCOLORES:  BLANCO<br \/>\nBATER\u00cdA : LITIO<br \/>\nAUTONOM\u00cdA: 4 HORAS<br \/>\nCOMENTARIOS Y SUGERENCIAS:<br \/>\nPLAZO DE ENTREGA: 7 D\u00cdAS<\/p>\n","protected":false},"excerpt":{"rendered":"<p>USO: INTERIOR , APLICAR. MEDIDAS: 200x55mm ALTO: 25 mm MATERIAL: PL\u00c1STICO COLORES: BLANCO BATER\u00cdA : LITIO AUTONOM\u00cdA: 4 HORAS COMENTARIOS Y SUGERENCIAS: PLAZO DE ENTREGA: 7 D\u00cdAS<\/p>\n","protected":false},"featured_media":3246,"template":"","meta":{"_exactmetrics_skip_tracking":false,"_exactmetrics_sitenote_active":false,"_exactmetrics_sitenote_note":"","_exactmetrics_sitenote_category":0},"product_cat":[103,104,237],"product_tag":[94],"aioseo_notices":[],"_links":{"self":[{"href":"https:\/\/www.clickelectricidad.com.ar\/site\/wp-json\/wp\/v2\/product\/3247"}],"collection":[{"href":"https:\/\/www.clickelectricidad.com.ar\/site\/wp-json\/wp\/v2\/product"}],"about":[{"href":"https:\/\/www.clickelectricidad.com.ar\/site\/wp-json\/wp\/v2\/types\/product"}],"wp:featuredmedia":[{"embeddable":true,"href":"https:\/\/www.clickelectricidad.com.ar\/site\/wp-json\/wp\/v2\/media\/3246"}],"wp:attachment":[{"href":"https:\/\/www.clickelectricidad.com.ar\/site\/wp-json\/wp\/v2\/media?parent=3247"}],"wp:term":[{"taxonomy":"product_cat","embeddable":true,"href":"https:\/\/www.clickelectricidad.com.ar\/site\/wp-json\/wp\/v2\/product_cat?post=3247"},{"taxonomy":"product_tag","embeddable":true,"href":"https:\/\/www.clickelectricidad.com.ar\/site\/wp-json\/wp\/v2\/product_tag?post=3247"}],"curies":[{"name":"wp","href":"https:\/\/api.w.org\/{rel}","templated":true}]}}