{"id":3248,"date":"2020-05-11T16:53:12","date_gmt":"2020-05-11T19:53:12","guid":{"rendered":"https:\/\/www.clickelectricidad.com.ar\/site\/?post_type=product&#038;p=3248"},"modified":"2022-03-31T15:37:05","modified_gmt":"2022-03-31T18:37:05","slug":"videoportero-4","status":"publish","type":"product","link":"https:\/\/www.clickelectricidad.com.ar\/site\/producto\/videoportero-4\/","title":{"rendered":"VIDEOPORTERO 4\u201d"},"content":{"rendered":"<p>\u2022\tAdmite hasta 2 frentes de calle<br \/>\n\u2022\tAdmite hasta 4 monitores<br \/>\n\u2022\tAudio manos libres.<br \/>\n\u2022\tApertura de cerradura el\u00e9ctrica.<br \/>\n\u2022\tVisi\u00f3n nocturna infrarroja.<br \/>\n\u2022\tIncluye fuente de alimentaci\u00f3n, accesorios para instalaci\u00f3n y manual de instrucciones en espa\u00f1ol.<\/p>\n","protected":false},"excerpt":{"rendered":"<p>\u2022 Admite hasta 2 frentes de calle \u2022 Admite hasta 4 monitores \u2022 Audio manos libres. \u2022 Apertura de cerradura el\u00e9ctrica. \u2022 Visi\u00f3n nocturna infrarroja. \u2022 Incluye fuente de alimentaci\u00f3n, accesorios para instalaci\u00f3n y manual de instrucciones en espa\u00f1ol.<\/p>\n","protected":false},"featured_media":3249,"template":"","meta":{"_exactmetrics_skip_tracking":false,"_exactmetrics_sitenote_active":false,"_exactmetrics_sitenote_note":"","_exactmetrics_sitenote_category":0},"product_cat":[198,106],"product_tag":[],"aioseo_notices":[],"_links":{"self":[{"href":"https:\/\/www.clickelectricidad.com.ar\/site\/wp-json\/wp\/v2\/product\/3248"}],"collection":[{"href":"https:\/\/www.clickelectricidad.com.ar\/site\/wp-json\/wp\/v2\/product"}],"about":[{"href":"https:\/\/www.clickelectricidad.com.ar\/site\/wp-json\/wp\/v2\/types\/product"}],"wp:featuredmedia":[{"embeddable":true,"href":"https:\/\/www.clickelectricidad.com.ar\/site\/wp-json\/wp\/v2\/media\/3249"}],"wp:attachment":[{"href":"https:\/\/www.clickelectricidad.com.ar\/site\/wp-json\/wp\/v2\/media?parent=3248"}],"wp:term":[{"taxonomy":"product_cat","embeddable":true,"href":"https:\/\/www.clickelectricidad.com.ar\/site\/wp-json\/wp\/v2\/product_cat?post=3248"},{"taxonomy":"product_tag","embeddable":true,"href":"https:\/\/www.clickelectricidad.com.ar\/site\/wp-json\/wp\/v2\/product_tag?post=3248"}],"curies":[{"name":"wp","href":"https:\/\/api.w.org\/{rel}","templated":true}]}}