{"id":3279,"date":"2020-05-12T14:32:06","date_gmt":"2020-05-12T17:32:06","guid":{"rendered":"https:\/\/www.clickelectricidad.com.ar\/site\/producto\/lampara-led-5wtipo-bulbopack-x-5-unidades\/"},"modified":"2022-03-31T15:36:29","modified_gmt":"2022-03-31T18:36:29","slug":"lampara-led-6wtipo-bulbopack-x-5-unidades","status":"publish","type":"product","link":"https:\/\/www.clickelectricidad.com.ar\/site\/producto\/lampara-led-6wtipo-bulbopack-x-5-unidades\/","title":{"rendered":"LAMPARA LED 6W TIPO BULBO PACK x 5 UNIDADES"},"content":{"rendered":"<p>ZOCALO: ROSCA COM\u00daN, EDISON, E27.<br \/>\nMEDIDAS: A55 &#8211; 5,5 x 10,1 CM<br \/>\nVIDA \u00daTIL PROMEDIO: 15000 HS<br \/>\nCOLOR DE LUZ: C\u00c1LIDA (3000K), FR\u00cdA (6500K)<br \/>\nCOMENTARIOS Y SUGERENCIAS: 475 LUMENES (SIMILAR A 40W)<br \/>\nPLAZO DE ENTREGA: 24 HS<\/p>\n","protected":false},"excerpt":{"rendered":"<p>ZOCALO: ROSCA COM\u00daN, EDISON, E27. MEDIDAS: A55 &#8211; 5,5 x 10,1 CM VIDA \u00daTIL PROMEDIO: 15000 HS COLOR DE LUZ: C\u00c1LIDA (3000K), FR\u00cdA (6500K) COMENTARIOS Y SUGERENCIAS: 475 LUMENES (SIMILAR A 40W) PLAZO DE ENTREGA: 24 HS<\/p>\n","protected":false},"featured_media":3360,"template":"","meta":{"_exactmetrics_skip_tracking":false,"_exactmetrics_sitenote_active":false,"_exactmetrics_sitenote_note":"","_exactmetrics_sitenote_category":0},"product_cat":[313,108],"product_tag":[252,251,253],"aioseo_notices":[],"_links":{"self":[{"href":"https:\/\/www.clickelectricidad.com.ar\/site\/wp-json\/wp\/v2\/product\/3279"}],"collection":[{"href":"https:\/\/www.clickelectricidad.com.ar\/site\/wp-json\/wp\/v2\/product"}],"about":[{"href":"https:\/\/www.clickelectricidad.com.ar\/site\/wp-json\/wp\/v2\/types\/product"}],"wp:featuredmedia":[{"embeddable":true,"href":"https:\/\/www.clickelectricidad.com.ar\/site\/wp-json\/wp\/v2\/media\/3360"}],"wp:attachment":[{"href":"https:\/\/www.clickelectricidad.com.ar\/site\/wp-json\/wp\/v2\/media?parent=3279"}],"wp:term":[{"taxonomy":"product_cat","embeddable":true,"href":"https:\/\/www.clickelectricidad.com.ar\/site\/wp-json\/wp\/v2\/product_cat?post=3279"},{"taxonomy":"product_tag","embeddable":true,"href":"https:\/\/www.clickelectricidad.com.ar\/site\/wp-json\/wp\/v2\/product_tag?post=3279"}],"curies":[{"name":"wp","href":"https:\/\/api.w.org\/{rel}","templated":true}]}}