{"id":3284,"date":"2020-05-11T14:32:09","date_gmt":"2020-05-11T17:32:09","guid":{"rendered":"https:\/\/www.clickelectricidad.com.ar\/site\/producto\/lampara-led-gota-5wrosca-mignonpack-x-5-unidades\/"},"modified":"2022-03-31T17:42:49","modified_gmt":"2022-03-31T20:42:49","slug":"lampara-led-gota-5wrosca-mignonpack-x-5-unidades","status":"publish","type":"product","link":"https:\/\/www.clickelectricidad.com.ar\/site\/producto\/lampara-led-gota-5wrosca-mignonpack-x-5-unidades\/","title":{"rendered":"LAMPARA LED GOTA 5WROSCA MIGNONPACK x 5 UNIDADES"},"content":{"rendered":"<p>ZOCALO: ROSCA MIGNON, E14<br \/>\nMEDIDAS: G45 &#8211; 4,5 x 8 CM<br \/>\nVIDA \u00daTIL PROMEDIO: 15000 HS<br \/>\nCOLOR DE LUZ: C\u00c1LIDA (3000K), FR\u00cdA (6500K)<br \/>\nCOMENTARIOS Y SUGERENCIAS: 475 LUMENES (SIMILAR A 40W)<br \/>\nPLAZO DE ENTREGA: 24 HS<\/p>\n","protected":false},"excerpt":{"rendered":"<p>ZOCALO: ROSCA MIGNON, E14 MEDIDAS: G45 &#8211; 4,5 x 8 CM VIDA \u00daTIL PROMEDIO: 15000 HS COLOR DE LUZ: C\u00c1LIDA (3000K), FR\u00cdA (6500K) COMENTARIOS Y SUGERENCIAS: 475 LUMENES (SIMILAR A 40W) PLAZO DE ENTREGA: 24 HS<\/p>\n","protected":false},"featured_media":3365,"template":"","meta":{"_exactmetrics_skip_tracking":false,"_exactmetrics_sitenote_active":false,"_exactmetrics_sitenote_note":"","_exactmetrics_sitenote_category":0},"product_cat":[315,108],"product_tag":[258,255,256,257,253],"aioseo_notices":[],"_links":{"self":[{"href":"https:\/\/www.clickelectricidad.com.ar\/site\/wp-json\/wp\/v2\/product\/3284"}],"collection":[{"href":"https:\/\/www.clickelectricidad.com.ar\/site\/wp-json\/wp\/v2\/product"}],"about":[{"href":"https:\/\/www.clickelectricidad.com.ar\/site\/wp-json\/wp\/v2\/types\/product"}],"wp:featuredmedia":[{"embeddable":true,"href":"https:\/\/www.clickelectricidad.com.ar\/site\/wp-json\/wp\/v2\/media\/3365"}],"wp:attachment":[{"href":"https:\/\/www.clickelectricidad.com.ar\/site\/wp-json\/wp\/v2\/media?parent=3284"}],"wp:term":[{"taxonomy":"product_cat","embeddable":true,"href":"https:\/\/www.clickelectricidad.com.ar\/site\/wp-json\/wp\/v2\/product_cat?post=3284"},{"taxonomy":"product_tag","embeddable":true,"href":"https:\/\/www.clickelectricidad.com.ar\/site\/wp-json\/wp\/v2\/product_tag?post=3284"}],"curies":[{"name":"wp","href":"https:\/\/api.w.org\/{rel}","templated":true}]}}