{"id":3287,"date":"2020-05-11T14:32:11","date_gmt":"2020-05-11T17:32:11","guid":{"rendered":"https:\/\/www.clickelectricidad.com.ar\/site\/producto\/lampara-led-globo-15wpack-x-5-unidades\/"},"modified":"2022-02-15T11:40:48","modified_gmt":"2022-02-15T14:40:48","slug":"lampara-led-globo-15wpack-x-5-unidades","status":"publish","type":"product","link":"https:\/\/www.clickelectricidad.com.ar\/site\/producto\/lampara-led-globo-15wpack-x-5-unidades\/","title":{"rendered":"LAMPARA LED GLOBO 15WPACK x 5 UNIDADES"},"content":{"rendered":"<p>ZOCALO: ROSCA COM\u00daN, EDISON, E27.<br \/>\nMEDIDAS: \u00d895 MM<br \/>\nVIDA \u00daTIL PROMEDIO: 15000 HS<br \/>\nCOLOR DE LUZ: C\u00c1LIDA (3000K), FR\u00cdA (6500K)<br \/>\nCOMENTARIOS Y SUGERENCIAS: 1350 LUMENES (SIMILAR A 110W)<br \/>\nPLAZO DE ENTREGA: 24 HS<\/p>\n","protected":false},"excerpt":{"rendered":"<p>ZOCALO: ROSCA COM\u00daN, EDISON, E27. MEDIDAS: \u00d895 MM VIDA \u00daTIL PROMEDIO: 15000 HS COLOR DE LUZ: C\u00c1LIDA (3000K), FR\u00cdA (6500K) COMENTARIOS Y SUGERENCIAS: 1350 LUMENES (SIMILAR A 110W) PLAZO DE ENTREGA: 24 HS<\/p>\n","protected":false},"featured_media":3368,"template":"","meta":{"_exactmetrics_skip_tracking":false,"_exactmetrics_sitenote_active":false,"_exactmetrics_sitenote_note":"","_exactmetrics_sitenote_category":0},"product_cat":[315,108],"product_tag":[264,265,253],"aioseo_notices":[],"_links":{"self":[{"href":"https:\/\/www.clickelectricidad.com.ar\/site\/wp-json\/wp\/v2\/product\/3287"}],"collection":[{"href":"https:\/\/www.clickelectricidad.com.ar\/site\/wp-json\/wp\/v2\/product"}],"about":[{"href":"https:\/\/www.clickelectricidad.com.ar\/site\/wp-json\/wp\/v2\/types\/product"}],"wp:featuredmedia":[{"embeddable":true,"href":"https:\/\/www.clickelectricidad.com.ar\/site\/wp-json\/wp\/v2\/media\/3368"}],"wp:attachment":[{"href":"https:\/\/www.clickelectricidad.com.ar\/site\/wp-json\/wp\/v2\/media?parent=3287"}],"wp:term":[{"taxonomy":"product_cat","embeddable":true,"href":"https:\/\/www.clickelectricidad.com.ar\/site\/wp-json\/wp\/v2\/product_cat?post=3287"},{"taxonomy":"product_tag","embeddable":true,"href":"https:\/\/www.clickelectricidad.com.ar\/site\/wp-json\/wp\/v2\/product_tag?post=3287"}],"curies":[{"name":"wp","href":"https:\/\/api.w.org\/{rel}","templated":true}]}}