{"id":3293,"date":"2020-05-11T14:32:14","date_gmt":"2020-05-11T17:32:14","guid":{"rendered":"https:\/\/www.clickelectricidad.com.ar\/site\/producto\/dicroica-led-65w12vpack-x-5-unidades\/"},"modified":"2022-03-31T17:41:30","modified_gmt":"2022-03-31T20:41:30","slug":"dicroica-led-65w12vpack-x-5-unidades","status":"publish","type":"product","link":"https:\/\/www.clickelectricidad.com.ar\/site\/producto\/dicroica-led-65w12vpack-x-5-unidades\/","title":{"rendered":"DICROICA LED 6,5W12VPACK x 5 UNIDADES"},"content":{"rendered":"<p>ZOCALO:  GU10<br \/>\nMEDIDAS: \u00d8 5 X 5,5 CM<br \/>\nCONECCION: 12V<br \/>\nCOLOR DE LUZ: C\u00c1LIDA (3000K), FR\u00cdA (6500K)<br \/>\nCOMENTARIOS Y SUGERENCIAS: 550 LUMENES<br \/>\nPLAZO DE ENTREGA: 24 HS<\/p>\n","protected":false},"excerpt":{"rendered":"<p>ZOCALO: GU10 MEDIDAS: \u00d8 5 X 5,5 CM CONECCION: 12V COLOR DE LUZ: C\u00c1LIDA (3000K), FR\u00cdA (6500K) COMENTARIOS Y SUGERENCIAS: 550 LUMENES PLAZO DE ENTREGA: 24 HS<\/p>\n","protected":false},"featured_media":3261,"template":"","meta":{"_exactmetrics_skip_tracking":false,"_exactmetrics_sitenote_active":false,"_exactmetrics_sitenote_note":"","_exactmetrics_sitenote_category":0},"product_cat":[313,108],"product_tag":[278,253,279],"aioseo_notices":[],"_links":{"self":[{"href":"https:\/\/www.clickelectricidad.com.ar\/site\/wp-json\/wp\/v2\/product\/3293"}],"collection":[{"href":"https:\/\/www.clickelectricidad.com.ar\/site\/wp-json\/wp\/v2\/product"}],"about":[{"href":"https:\/\/www.clickelectricidad.com.ar\/site\/wp-json\/wp\/v2\/types\/product"}],"wp:featuredmedia":[{"embeddable":true,"href":"https:\/\/www.clickelectricidad.com.ar\/site\/wp-json\/wp\/v2\/media\/3261"}],"wp:attachment":[{"href":"https:\/\/www.clickelectricidad.com.ar\/site\/wp-json\/wp\/v2\/media?parent=3293"}],"wp:term":[{"taxonomy":"product_cat","embeddable":true,"href":"https:\/\/www.clickelectricidad.com.ar\/site\/wp-json\/wp\/v2\/product_cat?post=3293"},{"taxonomy":"product_tag","embeddable":true,"href":"https:\/\/www.clickelectricidad.com.ar\/site\/wp-json\/wp\/v2\/product_tag?post=3293"}],"curies":[{"name":"wp","href":"https:\/\/api.w.org\/{rel}","templated":true}]}}