{"id":3295,"date":"2020-05-11T14:32:16","date_gmt":"2020-05-11T17:32:16","guid":{"rendered":"https:\/\/www.clickelectricidad.com.ar\/site\/producto\/bipin-led-4w-pack-x-5-unidades\/"},"modified":"2022-03-31T17:39:52","modified_gmt":"2022-03-31T20:39:52","slug":"bipin-led-4w-pack-x-5-unidades","status":"publish","type":"product","link":"https:\/\/www.clickelectricidad.com.ar\/site\/producto\/bipin-led-4w-pack-x-5-unidades\/","title":{"rendered":"BIPIN LED 4W PACK x 5 UNIDADES"},"content":{"rendered":"<p>ZOCALO:  G9 220V DIRECTO<br \/>\nMEDIDAS: \u00d8 1,5 X 5 CM<br \/>\nCONECCION: 220V<br \/>\nCOLOR DE LUZ: C\u00c1LIDA (3000K), FR\u00cdA (6500K)<br \/>\nCOMENTARIOS Y SUGERENCIAS: 400 LUMENES<br \/>\nPLAZO DE ENTREGA: 24 HS<\/p>\n","protected":false},"excerpt":{"rendered":"<p>ZOCALO: G9 220V DIRECTO MEDIDAS: \u00d8 1,5 X 5 CM CONECCION: 220V COLOR DE LUZ: C\u00c1LIDA (3000K), FR\u00cdA (6500K) COMENTARIOS Y SUGERENCIAS: 400 LUMENES PLAZO DE ENTREGA: 24 HS<\/p>\n","protected":false},"featured_media":3263,"template":"","meta":{"_exactmetrics_skip_tracking":false,"_exactmetrics_sitenote_active":false,"_exactmetrics_sitenote_note":"","_exactmetrics_sitenote_category":0},"product_cat":[313,108],"product_tag":[282,253,283],"aioseo_notices":[],"_links":{"self":[{"href":"https:\/\/www.clickelectricidad.com.ar\/site\/wp-json\/wp\/v2\/product\/3295"}],"collection":[{"href":"https:\/\/www.clickelectricidad.com.ar\/site\/wp-json\/wp\/v2\/product"}],"about":[{"href":"https:\/\/www.clickelectricidad.com.ar\/site\/wp-json\/wp\/v2\/types\/product"}],"wp:featuredmedia":[{"embeddable":true,"href":"https:\/\/www.clickelectricidad.com.ar\/site\/wp-json\/wp\/v2\/media\/3263"}],"wp:attachment":[{"href":"https:\/\/www.clickelectricidad.com.ar\/site\/wp-json\/wp\/v2\/media?parent=3295"}],"wp:term":[{"taxonomy":"product_cat","embeddable":true,"href":"https:\/\/www.clickelectricidad.com.ar\/site\/wp-json\/wp\/v2\/product_cat?post=3295"},{"taxonomy":"product_tag","embeddable":true,"href":"https:\/\/www.clickelectricidad.com.ar\/site\/wp-json\/wp\/v2\/product_tag?post=3295"}],"curies":[{"name":"wp","href":"https:\/\/api.w.org\/{rel}","templated":true}]}}