{"id":3304,"date":"2020-05-11T14:32:19","date_gmt":"2020-05-11T17:32:19","guid":{"rendered":"https:\/\/www.clickelectricidad.com.ar\/site\/producto\/bulbo-filamento-led-8wpack-x-5-unidades\/"},"modified":"2022-03-31T16:26:13","modified_gmt":"2022-03-31T19:26:13","slug":"bulbo-filamento-led-6wpack-x-5-unidades","status":"publish","type":"product","link":"https:\/\/www.clickelectricidad.com.ar\/site\/producto\/bulbo-filamento-led-6wpack-x-5-unidades\/","title":{"rendered":"BULBO FILAMENTO LED 6WPACK x 5 UNIDADES"},"content":{"rendered":"<p>ZOCALO: ROSCA COM\u00daN, EDISON, E27.<br \/>\nMEDIDAS: A60 &#8211; 6 X 10,5 CM<br \/>\nVIDA \u00daTIL PROMEDIO: 15000 HS<br \/>\nCOLOR DE LUZ: C\u00c1LIDA (2700K).<br \/>\nCOMENTARIOS Y SUGERENCIAS: 1000 LUMENES<br \/>\nPLAZO DE ENTREGA: 24 HS<\/p>\n","protected":false},"excerpt":{"rendered":"<p>ZOCALO: ROSCA COM\u00daN, EDISON, E27. MEDIDAS: A60 &#8211; 6 X 10,5 CM VIDA \u00daTIL PROMEDIO: 15000 HS COLOR DE LUZ: C\u00c1LIDA (2700K). COMENTARIOS Y SUGERENCIAS: 1000 LUMENES PLAZO DE ENTREGA: 24 HS<\/p>\n","protected":false},"featured_media":3271,"template":"","meta":{"_exactmetrics_skip_tracking":false,"_exactmetrics_sitenote_active":false,"_exactmetrics_sitenote_note":"","_exactmetrics_sitenote_category":0},"product_cat":[315,108],"product_tag":[301,300,299],"aioseo_notices":[],"_links":{"self":[{"href":"https:\/\/www.clickelectricidad.com.ar\/site\/wp-json\/wp\/v2\/product\/3304"}],"collection":[{"href":"https:\/\/www.clickelectricidad.com.ar\/site\/wp-json\/wp\/v2\/product"}],"about":[{"href":"https:\/\/www.clickelectricidad.com.ar\/site\/wp-json\/wp\/v2\/types\/product"}],"wp:featuredmedia":[{"embeddable":true,"href":"https:\/\/www.clickelectricidad.com.ar\/site\/wp-json\/wp\/v2\/media\/3271"}],"wp:attachment":[{"href":"https:\/\/www.clickelectricidad.com.ar\/site\/wp-json\/wp\/v2\/media?parent=3304"}],"wp:term":[{"taxonomy":"product_cat","embeddable":true,"href":"https:\/\/www.clickelectricidad.com.ar\/site\/wp-json\/wp\/v2\/product_cat?post=3304"},{"taxonomy":"product_tag","embeddable":true,"href":"https:\/\/www.clickelectricidad.com.ar\/site\/wp-json\/wp\/v2\/product_tag?post=3304"}],"curies":[{"name":"wp","href":"https:\/\/api.w.org\/{rel}","templated":true}]}}