{"id":3307,"date":"2020-05-11T14:32:20","date_gmt":"2020-05-11T17:32:20","guid":{"rendered":"https:\/\/www.clickelectricidad.com.ar\/site\/producto\/filamento-tubular-led-5wgoldenpack-x-3-unidades\/"},"modified":"2022-03-31T15:39:50","modified_gmt":"2022-03-31T18:39:50","slug":"filamento-tubular-led-5wgoldenpack-x-5-unidades","status":"publish","type":"product","link":"https:\/\/www.clickelectricidad.com.ar\/site\/producto\/filamento-tubular-led-5wgoldenpack-x-5-unidades\/","title":{"rendered":"FILAMENTO TUBULAR LED 5W GOLDEN PACK x 5 UNIDADES"},"content":{"rendered":"<p>ZOCALO: ROSCA COM\u00daN, EDISON, E27.<br \/>\nMEDIDAS: T30 &#8211; 3 X 18 CM<br \/>\nVIDA \u00daTIL PROMEDIO: 15000 HS<br \/>\nCOLOR DE LUZ: C\u00c1LIDA (2000K) LUZ AMBAR<br \/>\nCOMENTARIOS Y SUGERENCIAS: 260 LUMENES<br \/>\nPLAZO DE ENTREGA: 24 HS<\/p>\n","protected":false},"excerpt":{"rendered":"<p>ZOCALO: ROSCA COM\u00daN, EDISON, E27. MEDIDAS: T30 &#8211; 3 X 18 CM VIDA \u00daTIL PROMEDIO: 15000 HS COLOR DE LUZ: C\u00c1LIDA (2000K) LUZ AMBAR COMENTARIOS Y SUGERENCIAS: 260 LUMENES PLAZO DE ENTREGA: 24 HS<\/p>\n","protected":false},"featured_media":3318,"template":"","meta":{"_exactmetrics_skip_tracking":false,"_exactmetrics_sitenote_active":false,"_exactmetrics_sitenote_note":"","_exactmetrics_sitenote_category":0},"product_cat":[315,108],"product_tag":[303,300,299],"aioseo_notices":[],"_links":{"self":[{"href":"https:\/\/www.clickelectricidad.com.ar\/site\/wp-json\/wp\/v2\/product\/3307"}],"collection":[{"href":"https:\/\/www.clickelectricidad.com.ar\/site\/wp-json\/wp\/v2\/product"}],"about":[{"href":"https:\/\/www.clickelectricidad.com.ar\/site\/wp-json\/wp\/v2\/types\/product"}],"wp:featuredmedia":[{"embeddable":true,"href":"https:\/\/www.clickelectricidad.com.ar\/site\/wp-json\/wp\/v2\/media\/3318"}],"wp:attachment":[{"href":"https:\/\/www.clickelectricidad.com.ar\/site\/wp-json\/wp\/v2\/media?parent=3307"}],"wp:term":[{"taxonomy":"product_cat","embeddable":true,"href":"https:\/\/www.clickelectricidad.com.ar\/site\/wp-json\/wp\/v2\/product_cat?post=3307"},{"taxonomy":"product_tag","embeddable":true,"href":"https:\/\/www.clickelectricidad.com.ar\/site\/wp-json\/wp\/v2\/product_tag?post=3307"}],"curies":[{"name":"wp","href":"https:\/\/api.w.org\/{rel}","templated":true}]}}