{"id":3310,"date":"2020-05-11T14:32:23","date_gmt":"2020-05-11T17:32:23","guid":{"rendered":"https:\/\/www.clickelectricidad.com.ar\/site\/producto\/bulbo-filamento-led-6wdifusor-espejadopack-x-3-unidades\/"},"modified":"2024-04-30T15:30:17","modified_gmt":"2024-04-30T18:30:17","slug":"bulbo-filamento-led-6wdifusor-espejadopack-x-5-unidades","status":"publish","type":"product","link":"https:\/\/www.clickelectricidad.com.ar\/site\/producto\/bulbo-filamento-led-6wdifusor-espejadopack-x-5-unidades\/","title":{"rendered":"BULBO FILAMENTO LED 6WDIFUSOR ESPEJADOPACK x 5 UNIDADES"},"content":{"rendered":"<p>ZOCALO: ROSCA COM\u00daN, EDISON, E27.<br \/>\nMEDIDAS: 6 X 10,5 CM<br \/>\nVIDA \u00daTIL PROMEDIO: 15000 HS<br \/>\nCOLOR DE LUZ: C\u00c1LIDA (3000K)<br \/>\nCOMENTARIOS Y SUGERENCIAS: 540 LUMENES<br \/>\nPLAZO DE ENTREGA: 24 HS<\/p>\n","protected":false},"excerpt":{"rendered":"<p>ZOCALO: ROSCA COM\u00daN, EDISON, E27. MEDIDAS: 6 X 10,5 CM VIDA \u00daTIL PROMEDIO: 15000 HS COLOR DE LUZ: C\u00c1LIDA (3000K) COMENTARIOS Y SUGERENCIAS: 540 LUMENES PLAZO DE ENTREGA: 24 HS<\/p>\n","protected":false},"featured_media":3277,"template":"","meta":{"_exactmetrics_skip_tracking":false,"_exactmetrics_sitenote_active":false,"_exactmetrics_sitenote_note":"","_exactmetrics_sitenote_category":0},"product_cat":[315,108],"product_tag":[307,300,299,309],"aioseo_notices":[],"_links":{"self":[{"href":"https:\/\/www.clickelectricidad.com.ar\/site\/wp-json\/wp\/v2\/product\/3310"}],"collection":[{"href":"https:\/\/www.clickelectricidad.com.ar\/site\/wp-json\/wp\/v2\/product"}],"about":[{"href":"https:\/\/www.clickelectricidad.com.ar\/site\/wp-json\/wp\/v2\/types\/product"}],"wp:featuredmedia":[{"embeddable":true,"href":"https:\/\/www.clickelectricidad.com.ar\/site\/wp-json\/wp\/v2\/media\/3277"}],"wp:attachment":[{"href":"https:\/\/www.clickelectricidad.com.ar\/site\/wp-json\/wp\/v2\/media?parent=3310"}],"wp:term":[{"taxonomy":"product_cat","embeddable":true,"href":"https:\/\/www.clickelectricidad.com.ar\/site\/wp-json\/wp\/v2\/product_cat?post=3310"},{"taxonomy":"product_tag","embeddable":true,"href":"https:\/\/www.clickelectricidad.com.ar\/site\/wp-json\/wp\/v2\/product_tag?post=3310"}],"curies":[{"name":"wp","href":"https:\/\/api.w.org\/{rel}","templated":true}]}}