{"id":3395,"date":"2020-07-31T11:50:50","date_gmt":"2020-07-31T14:50:50","guid":{"rendered":"https:\/\/www.clickelectricidad.com.ar\/site\/?post_type=product&#038;p=3395"},"modified":"2022-03-31T15:35:42","modified_gmt":"2022-03-31T18:35:42","slug":"globo-filamento-led-8w-atenuable-pack-x-5-unidades","status":"publish","type":"product","link":"https:\/\/www.clickelectricidad.com.ar\/site\/producto\/globo-filamento-led-8w-atenuable-pack-x-5-unidades\/","title":{"rendered":"GLOBO FILAMENTO LED 8W ATENUABLE PACK x 5 UNIDADES"},"content":{"rendered":"<p>ATENUABLE \/ DIMERIZABLE<br \/>\nFUNCION: PERMITE REGULAR LA POTENCIA POR MEDIO DE UN DIMER<br \/>\nZOCALO: ROSCA COM\u00daN, EDISON, E27.<br \/>\nMEDIDAS: GL95 &#8211; 9,4 X 13,5 CM<br \/>\nVIDA \u00daTIL PROMEDIO: 15000 HS<br \/>\nCOLOR DE LUZ: C\u00c1LIDA (2700K)<br \/>\nCOMENTARIOS Y SUGERENCIAS: 750 LUMENES<br \/>\nPLAZO DE ENTREGA: 24 HS<\/p>\n","protected":false},"excerpt":{"rendered":"<p>ATENUABLE \/ DIMERIZABLE FUNCION: PERMITE REGULAR LA POTENCIA POR MEDIO DE UN DIMER ZOCALO: ROSCA COM\u00daN, EDISON, E27. MEDIDAS: GL95 &#8211; 9,4 X 13,5 CM VIDA \u00daTIL PROMEDIO: 15000 HS COLOR DE LUZ: C\u00c1LIDA (2700K) COMENTARIOS Y SUGERENCIAS: 750 LUMENES PLAZO DE ENTREGA: 24 HS<\/p>\n","protected":false},"featured_media":3396,"template":"","meta":{"_exactmetrics_skip_tracking":false,"_exactmetrics_sitenote_active":false,"_exactmetrics_sitenote_note":"","_exactmetrics_sitenote_category":0},"product_cat":[314,315,108],"product_tag":[323,302,308,299],"aioseo_notices":[],"_links":{"self":[{"href":"https:\/\/www.clickelectricidad.com.ar\/site\/wp-json\/wp\/v2\/product\/3395"}],"collection":[{"href":"https:\/\/www.clickelectricidad.com.ar\/site\/wp-json\/wp\/v2\/product"}],"about":[{"href":"https:\/\/www.clickelectricidad.com.ar\/site\/wp-json\/wp\/v2\/types\/product"}],"wp:featuredmedia":[{"embeddable":true,"href":"https:\/\/www.clickelectricidad.com.ar\/site\/wp-json\/wp\/v2\/media\/3396"}],"wp:attachment":[{"href":"https:\/\/www.clickelectricidad.com.ar\/site\/wp-json\/wp\/v2\/media?parent=3395"}],"wp:term":[{"taxonomy":"product_cat","embeddable":true,"href":"https:\/\/www.clickelectricidad.com.ar\/site\/wp-json\/wp\/v2\/product_cat?post=3395"},{"taxonomy":"product_tag","embeddable":true,"href":"https:\/\/www.clickelectricidad.com.ar\/site\/wp-json\/wp\/v2\/product_tag?post=3395"}],"curies":[{"name":"wp","href":"https:\/\/api.w.org\/{rel}","templated":true}]}}