{"id":3404,"date":"2020-08-03T11:56:27","date_gmt":"2020-08-03T14:56:27","guid":{"rendered":"https:\/\/www.clickelectricidad.com.ar\/site\/?post_type=product&#038;p=3404"},"modified":"2022-03-31T15:34:35","modified_gmt":"2022-03-31T18:34:35","slug":"portero-electrico-c-2-interiores-frente-de-embutir-commax","status":"publish","type":"product","link":"https:\/\/www.clickelectricidad.com.ar\/site\/producto\/portero-electrico-c-2-interiores-frente-de-embutir-commax\/","title":{"rendered":"PORTERO ELECTRICO C\/2 INTERIORES FRENTE DE EMBUTIR COMMAX"},"content":{"rendered":"<p>USO: INTERIOR, EXTERIOR, FRENTE EMBUTIR, 2 INTERIORES<br \/>\nMEDIDAS:<br \/>\nMATERIAL: PL\u00c1STICO<br \/>\nCOLORES: BLANCO<br \/>\nOPCI\u00d3N: SALIDA PARA PESTILLO EL\u00c9CTRICO<br \/>\nFUNCI\u00d3N: AUDIO, CONEXI\u00d3N PARA PESTILLO EL\u00c9CTRICO<br \/>\nCOMENTARIOS Y SUGERENCIAS:<br \/>\nPLAZO DE ENTREGA: 7 D\u00cdAS<\/p>\n","protected":false},"excerpt":{"rendered":"<p>USO: INTERIOR, EXTERIOR, FRENTE EMBUTIR, 2 INTERIORES MEDIDAS: MATERIAL: PL\u00c1STICO COLORES: BLANCO OPCI\u00d3N: SALIDA PARA PESTILLO EL\u00c9CTRICO FUNCI\u00d3N: AUDIO, CONEXI\u00d3N PARA PESTILLO EL\u00c9CTRICO COMENTARIOS Y SUGERENCIAS: PLAZO DE ENTREGA: 7 D\u00cdAS<\/p>\n","protected":false},"featured_media":3405,"template":"","meta":{"_exactmetrics_skip_tracking":false,"_exactmetrics_sitenote_active":false,"_exactmetrics_sitenote_note":"","_exactmetrics_sitenote_category":0},"product_cat":[198,114],"product_tag":[245,325,243,244],"aioseo_notices":[],"_links":{"self":[{"href":"https:\/\/www.clickelectricidad.com.ar\/site\/wp-json\/wp\/v2\/product\/3404"}],"collection":[{"href":"https:\/\/www.clickelectricidad.com.ar\/site\/wp-json\/wp\/v2\/product"}],"about":[{"href":"https:\/\/www.clickelectricidad.com.ar\/site\/wp-json\/wp\/v2\/types\/product"}],"wp:featuredmedia":[{"embeddable":true,"href":"https:\/\/www.clickelectricidad.com.ar\/site\/wp-json\/wp\/v2\/media\/3405"}],"wp:attachment":[{"href":"https:\/\/www.clickelectricidad.com.ar\/site\/wp-json\/wp\/v2\/media?parent=3404"}],"wp:term":[{"taxonomy":"product_cat","embeddable":true,"href":"https:\/\/www.clickelectricidad.com.ar\/site\/wp-json\/wp\/v2\/product_cat?post=3404"},{"taxonomy":"product_tag","embeddable":true,"href":"https:\/\/www.clickelectricidad.com.ar\/site\/wp-json\/wp\/v2\/product_tag?post=3404"}],"curies":[{"name":"wp","href":"https:\/\/api.w.org\/{rel}","templated":true}]}}