{"id":3409,"date":"2020-08-03T12:52:13","date_gmt":"2020-08-03T15:52:13","guid":{"rendered":"https:\/\/www.clickelectricidad.com.ar\/site\/?post_type=product&#038;p=3409"},"modified":"2022-03-31T15:33:56","modified_gmt":"2022-03-31T18:33:56","slug":"monitor-videoportero-4","status":"publish","type":"product","link":"https:\/\/www.clickelectricidad.com.ar\/site\/producto\/monitor-videoportero-4\/","title":{"rendered":"MONITOR VIDEOPORTERO 4\u201d"},"content":{"rendered":"<p>\u2022 Audio manos libres.<br \/>\n\u2022 Apertura de cerradura el\u00e9ctrica.<br \/>\n\u2022 Visi\u00f3n nocturna infrarroja.<br \/>\n\u2022 Incluye fuente de alimentaci\u00f3n, accesorios para instalaci\u00f3n y manual de instrucciones en espa\u00f1ol.<\/p>\n","protected":false},"excerpt":{"rendered":"<p>\u2022 Audio manos libres. \u2022 Apertura de cerradura el\u00e9ctrica. \u2022 Visi\u00f3n nocturna infrarroja. \u2022 Incluye fuente de alimentaci\u00f3n, accesorios para instalaci\u00f3n y manual de instrucciones en espa\u00f1ol.<\/p>\n","protected":false},"featured_media":3421,"template":"","meta":{"_exactmetrics_skip_tracking":false,"_exactmetrics_sitenote_active":false,"_exactmetrics_sitenote_note":"","_exactmetrics_sitenote_category":0},"product_cat":[198,106],"product_tag":[326],"aioseo_notices":[],"_links":{"self":[{"href":"https:\/\/www.clickelectricidad.com.ar\/site\/wp-json\/wp\/v2\/product\/3409"}],"collection":[{"href":"https:\/\/www.clickelectricidad.com.ar\/site\/wp-json\/wp\/v2\/product"}],"about":[{"href":"https:\/\/www.clickelectricidad.com.ar\/site\/wp-json\/wp\/v2\/types\/product"}],"wp:featuredmedia":[{"embeddable":true,"href":"https:\/\/www.clickelectricidad.com.ar\/site\/wp-json\/wp\/v2\/media\/3421"}],"wp:attachment":[{"href":"https:\/\/www.clickelectricidad.com.ar\/site\/wp-json\/wp\/v2\/media?parent=3409"}],"wp:term":[{"taxonomy":"product_cat","embeddable":true,"href":"https:\/\/www.clickelectricidad.com.ar\/site\/wp-json\/wp\/v2\/product_cat?post=3409"},{"taxonomy":"product_tag","embeddable":true,"href":"https:\/\/www.clickelectricidad.com.ar\/site\/wp-json\/wp\/v2\/product_tag?post=3409"}],"curies":[{"name":"wp","href":"https:\/\/api.w.org\/{rel}","templated":true}]}}